{"id":1186,"date":"2023-03-14T03:28:39","date_gmt":"2023-03-14T03:28:39","guid":{"rendered":"https:\/\/shamballa-healing.de\/?page_id=1186"},"modified":"2025-09-30T10:45:24","modified_gmt":"2025-09-30T10:45:24","slug":"impressum","status":"publish","type":"page","link":"https:\/\/shamballa-healing.de\/index.php\/impressum\/","title":{"rendered":"Impressum"},"content":{"rendered":"\t\t<div data-elementor-type=\"wp-page\" data-elementor-id=\"1186\" class=\"elementor elementor-1186\" data-elementor-post-type=\"page\">\n\t\t\t\t\t\t<section class=\"elementor-section elementor-top-section elementor-element elementor-element-5f23e4d7 elementor-section-boxed elementor-section-height-default elementor-section-height-default\" data-id=\"5f23e4d7\" data-element_type=\"section\" data-e-type=\"section\">\n\t\t\t\t\t\t<div class=\"elementor-container elementor-column-gap-default\">\n\t\t\t\t\t<div class=\"elementor-column elementor-col-100 elementor-top-column elementor-element elementor-element-251744f4\" data-id=\"251744f4\" data-element_type=\"column\" data-e-type=\"column\">\n\t\t\t<div class=\"elementor-widget-wrap elementor-element-populated\">\n\t\t\t\t\t\t<div class=\"elementor-element elementor-element-7874476a elementor-widget elementor-widget-text-editor\" data-id=\"7874476a\" data-element_type=\"widget\" data-e-type=\"widget\" data-widget_type=\"text-editor.default\">\n\t\t\t\t<div class=\"elementor-widget-container\">\n\t\t\t\t\t\t\t\t\t<p><strong>IMPRESSUM<\/strong><\/p>\n<p>Shamballa Healing \/\/ Katharina Jung<\/p>\n<p><strong>POSTANSCHRIFT<\/strong><\/p>\n<p>Katharina Jung<br \/>Avenida do Faial 371, 2 ESQ,<br \/>2765-411 Estoril<\/p>\n<p>Portugal<\/p>\n<p><strong>KONTAKT<\/strong><\/p>\n<p>Telefon: +49 157 87995085<br \/>E-Mail: rina@shamballa-healing.de<br \/>Website: shamballa-healing.de<\/p>\n<p><strong>INHABERIN<\/strong><\/p>\n<p>Katharina Jung<\/p>\n<p>Avenida do Faial 371, 2 ESQ,<br \/>2765-411 Estoril<\/p>\n<p>Portugal<\/p>\n<p><br \/>Inhaltlich Verantwortlicher gem. \u00a7 5 TMG: Katharina Jung<\/p>\n<p>HAFTUNGSHINWEIS:<br \/>Trotz sorgf\u00e4ltiger inhaltlicher Kontrolle \u00fcbernehmen wir keine Haftung f\u00fcr die Inhalte externer Links. F\u00fcr den Inhalt der verlinkten Seiten sind ausschlie\u00dflich deren Betreiber verantwortlich.<br \/>Hinweis:\u00a0Wir behalten uns das Recht vor, jederzeit \u00c4nderungen und Erg\u00e4nzungen vor zu nehmen. Trotz sorgf\u00e4ltiger Pr\u00fcfung aller Inhalte, \u00fcbernehmen wir keine Garantie f\u00fcr Aktualit\u00e4t und Vollst\u00e4ndigkeit der bereitgestellten Informationen.<\/p>\n<p>STREITSCHLICHTUNG<br \/>Die Europ\u00e4ische Kommission stellt eine Plattform zur Online-Streitbeilegung (OS) bereit: https:\/\/ec.europa.eu\/consumers\/odr<br \/>Unsere E-Mail-Adresse finden Sie oben im Impressum.<br \/>Wir sind nicht bereit oder verpflichtet, an Streitbeilegungsverfahren vor einer Verbraucherschlichtungsstelle teilzunehmen.<\/p>\n<p>HAFTUNG F\u00dcR INHALTE<br \/>Als Diensteanbieter sind wir gem\u00e4\u00df \u00a7 7 Abs.1 TMG f\u00fcr eigene Inhalte auf diesen Seiten nach den allgemeinen Gesetzen verantwortlich. Nach \u00a7\u00a7 8 bis 10 TMG sind wir als Diensteanbieter jedoch nicht verpflichtet, \u00fcbermittelte oder gespeicherte fremde Informationen zu \u00fcberwachen oder nach Umst\u00e4nden zu forschen, die auf eine rechtswidrige T\u00e4tigkeit hinweisen.<br \/>Verpflichtungen zur Entfernung oder Sperrung der Nutzung von Informationen nach den allgemeinen Gesetzen bleiben hiervon unber\u00fchrt. Eine diesbez\u00fcgliche Haftung ist jedoch erst ab dem Zeitpunkt der Kenntnis einer konkreten Rechtsverletzung m\u00f6glich. Bei Bekanntwerden von entsprechenden Rechtsverletzungen werden wir diese Inhalte umgehend entfernen.<\/p>\n<p>HAFTUNG F\u00dcR LINKS<br \/>Unser Angebot enth\u00e4lt Links zu externen Webseiten Dritter, auf deren Inhalte wir keinen Einfluss haben. Deshalb k\u00f6nnen wir f\u00fcr diese fremden Inhalte auch keine Gew\u00e4hr \u00fcbernehmen. F\u00fcr die Inhalte der verlinkten Seiten ist stets der jeweilige Anbieter oder Betreiber der Seiten verantwortlich. Die verlinkten Seiten wurden zum Zeitpunkt der Verlinkung auf m\u00f6gliche Rechtsverst\u00f6\u00dfe \u00fcberpr\u00fcft. Rechtswidrige Inhalte waren zum Zeitpunkt der Verlinkung nicht erkennbar.<br \/>Eine permanente inhaltliche Kontrolle der verlinkten Seiten ist jedoch ohne konkrete Anhaltspunkte einer Rechtsverletzung nicht zumutbar. Bei Bekanntwerden von Rechtsverletzungen werden wir derartige Links umgehend entfernen.<\/p>\n<p>DATENSCHUTZ<br \/>Die Nutzung unserer Webseite ist in der Regel ohne Angabe personenbezogener Daten m\u00f6glich. Soweit auf den Seiten personenbezogene Daten (beispielsweise Name, Anschrift oder eMail-Adressen) erhoben werden, erfolgt dies, soweit m\u00f6glich, stets auf freiwilliger Basis. Diese Daten werden ohne Ihre ausdr\u00fcckliche Zustimmung nicht an Dritte weitergegeben.<br \/>Wir weisen darauf hin, dass die Daten\u00fcbertragung im Internet (z.B. bei der Kommunikation per E-Mail) Sicherheitsl\u00fccken aufweisen kann. Ein l\u00fcckenloser Schutz der Daten vor dem Zugriff durch Dritte ist nicht m\u00f6glich.<br \/>Der Nutzung von im Rahmen der Impressumspflicht ver\u00f6ffentlichten Kontaktdaten durch Dritte zur \u00dcbersendung von nicht ausdr\u00fccklich angeforderter Werbung und Informationsmaterialien wird hiermit ausdr\u00fccklich widersprochen. Die Betreiber der Seiten behalten sich ausdr\u00fccklich rechtliche Schritte im Falle der unverlangten Zusendung von Werbeinformationen, etwa durch Spam-Mails, vor.<\/p>\n<p>URHEBERRECHT<br \/>Die durch die Seitenbetreiber erstellten Inhalte und Werke auf diesen Seiten unterliegen dem deutschen Urheberrecht. Die Vervielf\u00e4ltigung, Bearbeitung, Verbreitung und jede Art der Verwertung au\u00dferhalb der Grenzen des Urheberrechtes bed\u00fcrfen der schriftlichen Zustimmung des jeweiligen Autors bzw. Erstellers. Downloads und Kopien dieser Seite sind nur f\u00fcr den privaten, nicht kommerziellen Gebrauch gestattet.<br \/>Soweit die Inhalte auf dieser Seite nicht vom Betreiber erstellt wurden, werden die Urheberrechte Dritter beachtet. Insbesondere werden Inhalte Dritter als solche gekennzeichnet. Sollten Sie trotzdem auf eine Urheberrechtsverletzung aufmerksam werden, bitten wir um einen entsprechenden Hinweis. Bei Bekanntwerden von Rechtsverletzungen werden wir derartige Inhalte umgehend entfernen.<br \/>Aus Gr\u00fcnden der besseren Lesbarkeit wird teilweise das generische Maskulinum gew\u00e4hlt. Selbstverst\u00e4ndlich gelten die entsprechenden Aussagen f\u00fcr alle dargestellten Geschlechter.<\/p>\n<p>\u00a0<\/p>\n<p><!-- \/wp:paragraph --><\/p>\t\t\t\t\t\t\t\t<\/div>\n\t\t\t\t<\/div>\n\t\t\t\t\t<\/div>\n\t\t<\/div>\n\t\t\t\t\t<\/div>\n\t\t<\/section>\n\t\t\t\t<\/div>\n\t\t","protected":false},"excerpt":{"rendered":"<p>IMPRESSUM Shamballa Healing \/\/ Katharina Jung POSTANSCHRIFT Katharina JungAvenida do Faial 371, 2 ESQ,2765-411 Estoril Portugal KONTAKT Telefon: +49 157 87995085E-Mail: rina@shamballa-healing.deWebsite: shamballa-healing.de INHABERIN Katharina Jung Avenida do Faial 371, 2 ESQ,2765-411 Estoril Portugal Inhaltlich Verantwortlicher gem. \u00a7 5 TMG: Katharina Jung HAFTUNGSHINWEIS:Trotz sorgf\u00e4ltiger inhaltlicher Kontrolle \u00fcbernehmen wir keine Haftung f\u00fcr die Inhalte externer Links. [&hellip;]<\/p>\n","protected":false},"author":3,"featured_media":0,"parent":0,"menu_order":0,"comment_status":"closed","ping_status":"open","template":"","meta":{"footnotes":""},"class_list":["post-1186","page","type-page","status-publish","hentry"],"yoast_head":"<!-- This site is optimized with the Yoast SEO plugin v27.3 - https:\/\/yoast.com\/product\/yoast-seo-wordpress\/ -->\n<title>Impressum - Shamballa Healing<\/title>\n<meta name=\"robots\" content=\"index, follow, max-snippet:-1, max-image-preview:large, max-video-preview:-1\" \/>\n<link rel=\"canonical\" href=\"https:\/\/shamballa-healing.de\/index.php\/impressum\/\" \/>\n<meta property=\"og:locale\" content=\"de_DE\" \/>\n<meta property=\"og:type\" content=\"article\" \/>\n<meta property=\"og:title\" content=\"Impressum - Shamballa Healing\" \/>\n<meta property=\"og:description\" content=\"IMPRESSUM Shamballa Healing \/\/ Katharina Jung POSTANSCHRIFT Katharina JungAvenida do Faial 371, 2 ESQ,2765-411 Estoril Portugal KONTAKT Telefon: +49 157 87995085E-Mail: rina@shamballa-healing.deWebsite: shamballa-healing.de INHABERIN Katharina Jung Avenida do Faial 371, 2 ESQ,2765-411 Estoril Portugal Inhaltlich Verantwortlicher gem. \u00a7 5 TMG: Katharina Jung HAFTUNGSHINWEIS:Trotz sorgf\u00e4ltiger inhaltlicher Kontrolle \u00fcbernehmen wir keine Haftung f\u00fcr die Inhalte externer Links. [&hellip;]\" \/>\n<meta property=\"og:url\" content=\"https:\/\/shamballa-healing.de\/index.php\/impressum\/\" \/>\n<meta property=\"og:site_name\" content=\"Shamballa Healing\" \/>\n<meta property=\"article:modified_time\" content=\"2025-09-30T10:45:24+00:00\" \/>\n<meta name=\"twitter:card\" content=\"summary_large_image\" \/>\n<meta name=\"twitter:label1\" content=\"Gesch\u00e4tzte Lesezeit\" \/>\n\t<meta name=\"twitter:data1\" content=\"4\u00a0Minuten\" \/>\n<script type=\"application\/ld+json\" class=\"yoast-schema-graph\">{\"@context\":\"https:\\\/\\\/schema.org\",\"@graph\":[{\"@type\":\"WebPage\",\"@id\":\"https:\\\/\\\/shamballa-healing.de\\\/index.php\\\/impressum\\\/\",\"url\":\"https:\\\/\\\/shamballa-healing.de\\\/index.php\\\/impressum\\\/\",\"name\":\"Impressum - Shamballa Healing\",\"isPartOf\":{\"@id\":\"https:\\\/\\\/shamballa-healing.de\\\/#website\"},\"datePublished\":\"2023-03-14T03:28:39+00:00\",\"dateModified\":\"2025-09-30T10:45:24+00:00\",\"breadcrumb\":{\"@id\":\"https:\\\/\\\/shamballa-healing.de\\\/index.php\\\/impressum\\\/#breadcrumb\"},\"inLanguage\":\"de\",\"potentialAction\":[{\"@type\":\"ReadAction\",\"target\":[\"https:\\\/\\\/shamballa-healing.de\\\/index.php\\\/impressum\\\/\"]}]},{\"@type\":\"BreadcrumbList\",\"@id\":\"https:\\\/\\\/shamballa-healing.de\\\/index.php\\\/impressum\\\/#breadcrumb\",\"itemListElement\":[{\"@type\":\"ListItem\",\"position\":1,\"name\":\"Startseite\",\"item\":\"https:\\\/\\\/shamballa-healing.de\\\/\"},{\"@type\":\"ListItem\",\"position\":2,\"name\":\"Impressum\"}]},{\"@type\":\"WebSite\",\"@id\":\"https:\\\/\\\/shamballa-healing.de\\\/#website\",\"url\":\"https:\\\/\\\/shamballa-healing.de\\\/\",\"name\":\"Shamballa Healing\",\"description\":\"Coaching, Emotional Release, Retreats, Events &amp; Kurse\",\"publisher\":{\"@id\":\"https:\\\/\\\/shamballa-healing.de\\\/#organization\"},\"potentialAction\":[{\"@type\":\"SearchAction\",\"target\":{\"@type\":\"EntryPoint\",\"urlTemplate\":\"https:\\\/\\\/shamballa-healing.de\\\/?s={search_term_string}\"},\"query-input\":{\"@type\":\"PropertyValueSpecification\",\"valueRequired\":true,\"valueName\":\"search_term_string\"}}],\"inLanguage\":\"de\"},{\"@type\":\"Organization\",\"@id\":\"https:\\\/\\\/shamballa-healing.de\\\/#organization\",\"name\":\"Shamballa Healing\",\"url\":\"https:\\\/\\\/shamballa-healing.de\\\/\",\"logo\":{\"@type\":\"ImageObject\",\"inLanguage\":\"de\",\"@id\":\"https:\\\/\\\/shamballa-healing.de\\\/#\\\/schema\\\/logo\\\/image\\\/\",\"url\":\"https:\\\/\\\/shamballa-healing.de\\\/wp-content\\\/uploads\\\/2023\\\/02\\\/Shamballa_Healing_Logo.svg\",\"contentUrl\":\"https:\\\/\\\/shamballa-healing.de\\\/wp-content\\\/uploads\\\/2023\\\/02\\\/Shamballa_Healing_Logo.svg\",\"width\":300,\"height\":300,\"caption\":\"Shamballa Healing\"},\"image\":{\"@id\":\"https:\\\/\\\/shamballa-healing.de\\\/#\\\/schema\\\/logo\\\/image\\\/\"}}]}<\/script>\n<!-- \/ Yoast SEO plugin. -->","yoast_head_json":{"title":"Impressum - Shamballa Healing","robots":{"index":"index","follow":"follow","max-snippet":"max-snippet:-1","max-image-preview":"max-image-preview:large","max-video-preview":"max-video-preview:-1"},"canonical":"https:\/\/shamballa-healing.de\/index.php\/impressum\/","og_locale":"de_DE","og_type":"article","og_title":"Impressum - Shamballa Healing","og_description":"IMPRESSUM Shamballa Healing \/\/ Katharina Jung POSTANSCHRIFT Katharina JungAvenida do Faial 371, 2 ESQ,2765-411 Estoril Portugal KONTAKT Telefon: +49 157 87995085E-Mail: rina@shamballa-healing.deWebsite: shamballa-healing.de INHABERIN Katharina Jung Avenida do Faial 371, 2 ESQ,2765-411 Estoril Portugal Inhaltlich Verantwortlicher gem. \u00a7 5 TMG: Katharina Jung HAFTUNGSHINWEIS:Trotz sorgf\u00e4ltiger inhaltlicher Kontrolle \u00fcbernehmen wir keine Haftung f\u00fcr die Inhalte externer Links. [&hellip;]","og_url":"https:\/\/shamballa-healing.de\/index.php\/impressum\/","og_site_name":"Shamballa Healing","article_modified_time":"2025-09-30T10:45:24+00:00","twitter_card":"summary_large_image","twitter_misc":{"Gesch\u00e4tzte Lesezeit":"4\u00a0Minuten"},"schema":{"@context":"https:\/\/schema.org","@graph":[{"@type":"WebPage","@id":"https:\/\/shamballa-healing.de\/index.php\/impressum\/","url":"https:\/\/shamballa-healing.de\/index.php\/impressum\/","name":"Impressum - Shamballa Healing","isPartOf":{"@id":"https:\/\/shamballa-healing.de\/#website"},"datePublished":"2023-03-14T03:28:39+00:00","dateModified":"2025-09-30T10:45:24+00:00","breadcrumb":{"@id":"https:\/\/shamballa-healing.de\/index.php\/impressum\/#breadcrumb"},"inLanguage":"de","potentialAction":[{"@type":"ReadAction","target":["https:\/\/shamballa-healing.de\/index.php\/impressum\/"]}]},{"@type":"BreadcrumbList","@id":"https:\/\/shamballa-healing.de\/index.php\/impressum\/#breadcrumb","itemListElement":[{"@type":"ListItem","position":1,"name":"Startseite","item":"https:\/\/shamballa-healing.de\/"},{"@type":"ListItem","position":2,"name":"Impressum"}]},{"@type":"WebSite","@id":"https:\/\/shamballa-healing.de\/#website","url":"https:\/\/shamballa-healing.de\/","name":"Shamballa Healing","description":"Coaching, Emotional Release, Retreats, Events &amp; Kurse","publisher":{"@id":"https:\/\/shamballa-healing.de\/#organization"},"potentialAction":[{"@type":"SearchAction","target":{"@type":"EntryPoint","urlTemplate":"https:\/\/shamballa-healing.de\/?s={search_term_string}"},"query-input":{"@type":"PropertyValueSpecification","valueRequired":true,"valueName":"search_term_string"}}],"inLanguage":"de"},{"@type":"Organization","@id":"https:\/\/shamballa-healing.de\/#organization","name":"Shamballa Healing","url":"https:\/\/shamballa-healing.de\/","logo":{"@type":"ImageObject","inLanguage":"de","@id":"https:\/\/shamballa-healing.de\/#\/schema\/logo\/image\/","url":"https:\/\/shamballa-healing.de\/wp-content\/uploads\/2023\/02\/Shamballa_Healing_Logo.svg","contentUrl":"https:\/\/shamballa-healing.de\/wp-content\/uploads\/2023\/02\/Shamballa_Healing_Logo.svg","width":300,"height":300,"caption":"Shamballa Healing"},"image":{"@id":"https:\/\/shamballa-healing.de\/#\/schema\/logo\/image\/"}}]}},"_links":{"self":[{"href":"https:\/\/shamballa-healing.de\/index.php\/wp-json\/wp\/v2\/pages\/1186","targetHints":{"allow":["GET"]}}],"collection":[{"href":"https:\/\/shamballa-healing.de\/index.php\/wp-json\/wp\/v2\/pages"}],"about":[{"href":"https:\/\/shamballa-healing.de\/index.php\/wp-json\/wp\/v2\/types\/page"}],"author":[{"embeddable":true,"href":"https:\/\/shamballa-healing.de\/index.php\/wp-json\/wp\/v2\/users\/3"}],"replies":[{"embeddable":true,"href":"https:\/\/shamballa-healing.de\/index.php\/wp-json\/wp\/v2\/comments?post=1186"}],"version-history":[{"count":3,"href":"https:\/\/shamballa-healing.de\/index.php\/wp-json\/wp\/v2\/pages\/1186\/revisions"}],"predecessor-version":[{"id":4014,"href":"https:\/\/shamballa-healing.de\/index.php\/wp-json\/wp\/v2\/pages\/1186\/revisions\/4014"}],"wp:attachment":[{"href":"https:\/\/shamballa-healing.de\/index.php\/wp-json\/wp\/v2\/media?parent=1186"}],"curies":[{"name":"wp","href":"https:\/\/api.w.org\/{rel}","templated":true}]}}