{"id":18,"date":"2023-02-03T14:09:58","date_gmt":"2023-02-03T14:09:58","guid":{"rendered":"https:\/\/shamballa-healing.de\/index.php\/contact-us\/"},"modified":"2025-09-04T10:34:24","modified_gmt":"2025-09-04T10:34:24","slug":"about","status":"publish","type":"page","link":"https:\/\/shamballa-healing.de\/index.php\/about\/","title":{"rendered":"About"},"content":{"rendered":"\t\t<div data-elementor-type=\"wp-page\" data-elementor-id=\"18\" class=\"elementor elementor-18\" data-elementor-post-type=\"page\">\n\t\t\t\t\t\t<section class=\"elementor-section elementor-top-section elementor-element elementor-element-483b6afe elementor-section-content-middle elementor-section-height-min-height elementor-section-items-stretch elementor-section-full_width elementor-section-height-default elementor-invisible\" data-id=\"483b6afe\" data-element_type=\"section\" data-e-type=\"section\" data-settings=\"{&quot;animation&quot;:&quot;fadeInUp&quot;}\">\n\t\t\t\t\t\t<div class=\"elementor-container elementor-column-gap-no\">\n\t\t\t\t\t<div class=\"elementor-column elementor-col-50 elementor-top-column elementor-element elementor-element-2e918af7\" data-id=\"2e918af7\" data-element_type=\"column\" data-e-type=\"column\" data-settings=\"{&quot;background_background&quot;:&quot;classic&quot;}\">\n\t\t\t<div class=\"elementor-widget-wrap elementor-element-populated\">\n\t\t\t\t\t<div class=\"elementor-background-overlay\"><\/div>\n\t\t\t\t\t\t<div class=\"elementor-element elementor-element-3cae1533 elementor-invisible elementor-widget elementor-widget-heading\" data-id=\"3cae1533\" data-element_type=\"widget\" data-e-type=\"widget\" data-settings=\"{&quot;_animation&quot;:&quot;fadeIn&quot;}\" data-widget_type=\"heading.default\">\n\t\t\t\t<div class=\"elementor-widget-container\">\n\t\t\t\t\t<h2 class=\"elementor-heading-title elementor-size-default\">Hey there, <\/h2>\t\t\t\t<\/div>\n\t\t\t\t<\/div>\n\t\t\t\t<div class=\"elementor-element elementor-element-724223b0 elementor-widget elementor-widget-text-editor\" data-id=\"724223b0\" data-element_type=\"widget\" data-e-type=\"widget\" data-widget_type=\"text-editor.default\">\n\t\t\t\t<div class=\"elementor-widget-container\">\n\t\t\t\t\t\t\t\t\t<p><i>sch\u00f6n, dass du hier bist und Willkommen bei <b>Shamballa Healing.<\/b><\/i><\/p>\t\t\t\t\t\t\t\t<\/div>\n\t\t\t\t<\/div>\n\t\t\t\t\t<\/div>\n\t\t<\/div>\n\t\t\t\t<div class=\"elementor-column elementor-col-50 elementor-top-column elementor-element elementor-element-99547f0\" data-id=\"99547f0\" data-element_type=\"column\" data-e-type=\"column\" data-settings=\"{&quot;background_background&quot;:&quot;classic&quot;}\">\n\t\t\t<div class=\"elementor-widget-wrap elementor-element-populated\">\n\t\t\t\t\t\t<div class=\"elementor-element elementor-element-4410dce4 elementor-widget elementor-widget-spacer\" data-id=\"4410dce4\" data-element_type=\"widget\" data-e-type=\"widget\" data-widget_type=\"spacer.default\">\n\t\t\t\t<div class=\"elementor-widget-container\">\n\t\t\t\t\t\t\t<div class=\"elementor-spacer\">\n\t\t\t<div class=\"elementor-spacer-inner\"><\/div>\n\t\t<\/div>\n\t\t\t\t\t\t<\/div>\n\t\t\t\t<\/div>\n\t\t\t\t\t<\/div>\n\t\t<\/div>\n\t\t\t\t\t<\/div>\n\t\t<\/section>\n\t\t\t\t<section class=\"elementor-section elementor-top-section elementor-element elementor-element-332f393c elementor-section-content-middle elementor-reverse-mobile elementor-section-height-min-height elementor-section-items-stretch elementor-section-boxed elementor-section-height-default\" data-id=\"332f393c\" data-element_type=\"section\" data-e-type=\"section\" data-settings=\"{&quot;background_background&quot;:&quot;classic&quot;}\">\n\t\t\t\t\t\t<div class=\"elementor-container elementor-column-gap-no\">\n\t\t\t\t\t<div class=\"elementor-column elementor-col-50 elementor-top-column elementor-element elementor-element-38be664f elementor-invisible\" data-id=\"38be664f\" data-element_type=\"column\" data-e-type=\"column\" data-settings=\"{&quot;background_background&quot;:&quot;classic&quot;,&quot;animation&quot;:&quot;fadeInUp&quot;}\">\n\t\t\t<div class=\"elementor-widget-wrap elementor-element-populated\">\n\t\t\t\t\t\t<div class=\"elementor-element elementor-element-54656cb9 elementor-widget elementor-widget-image\" data-id=\"54656cb9\" data-element_type=\"widget\" data-e-type=\"widget\" data-widget_type=\"image.default\">\n\t\t\t\t<div class=\"elementor-widget-container\">\n\t\t\t\t\t\t\t\t\t\t\t\t<figure class=\"wp-caption\">\n\t\t\t\t\t\t\t\t\t\t<img fetchpriority=\"high\" decoding=\"async\" width=\"768\" height=\"1024\" src=\"https:\/\/shamballa-healing.de\/wp-content\/uploads\/2025\/07\/Rina-Portrait-768x1024.jpg\" class=\"attachment-large size-large wp-image-3716\" alt=\"Rina Portrait\" srcset=\"https:\/\/shamballa-healing.de\/wp-content\/uploads\/2025\/07\/Rina-Portrait-768x1024.jpg 768w, https:\/\/shamballa-healing.de\/wp-content\/uploads\/2025\/07\/Rina-Portrait-225x300.jpg 225w, https:\/\/shamballa-healing.de\/wp-content\/uploads\/2025\/07\/Rina-Portrait-1152x1536.jpg 1152w, https:\/\/shamballa-healing.de\/wp-content\/uploads\/2025\/07\/Rina-Portrait.jpg 1200w\" sizes=\"(max-width: 768px) 100vw, 768px\" \/>\t\t\t\t\t\t\t\t\t\t\t<figcaption class=\"widget-image-caption wp-caption-text\">KATHARINA JUNG, Gr\u00fcnderin &amp; Coach<\/figcaption>\n\t\t\t\t\t\t\t\t\t\t<\/figure>\n\t\t\t\t\t\t\t\t\t<\/div>\n\t\t\t\t<\/div>\n\t\t\t\t\t<\/div>\n\t\t<\/div>\n\t\t\t\t<div class=\"elementor-column elementor-col-50 elementor-top-column elementor-element elementor-element-1ab0cc67 elementor-invisible\" data-id=\"1ab0cc67\" data-element_type=\"column\" data-e-type=\"column\" data-settings=\"{&quot;animation&quot;:&quot;fadeInUp&quot;}\">\n\t\t\t<div class=\"elementor-widget-wrap elementor-element-populated\">\n\t\t\t\t\t\t<div class=\"elementor-element elementor-element-f5f375f elementor-widget elementor-widget-heading\" data-id=\"f5f375f\" data-element_type=\"widget\" data-e-type=\"widget\" data-widget_type=\"heading.default\">\n\t\t\t\t<div class=\"elementor-widget-container\">\n\t\t\t\t\t<h2 class=\"elementor-heading-title elementor-size-default\">Wer oder was ist eigentlich <br>Shamballa Healing?<\/h2>\t\t\t\t<\/div>\n\t\t\t\t<\/div>\n\t\t\t\t<div class=\"elementor-element elementor-element-1f09de6 elementor-widget elementor-widget-text-editor\" data-id=\"1f09de6\" data-element_type=\"widget\" data-e-type=\"widget\" data-widget_type=\"text-editor.default\">\n\t\t\t\t<div class=\"elementor-widget-container\">\n\t\t\t\t\t\t\t\t\t<p>Eine kleine Zeitreise durch mein Leben: Meine eigene transformierende Reise zu meinem \u201cneuen Ich\u201d begann mit 19 Jahren, nach meinem letzten Suizidversuch und einem anschlie\u00dfenden Klinikaufenthalt. Sowohl meine Kindheit, als auch meine Jugend waren gepr\u00e4gt von Depressionen und Suizidgedanken, die meinem Lebensgl\u00fcck im Weg zu stehen schienen. Doch in dem Moment, als ich eine zweite Lebenschance bekam und wieder auf der Intensivstation aufwachte, wusste ich pl\u00f6tzlich tief in mir drin, dass ich selbst alles ver\u00e4ndern kann. Ich wusste, dass es m\u00f6glich ist mir selbst zu helfen und ich auch anderen Menschen einen wahren Mehrwert durch meine eigenen Erfahrungen mitgeben kann..<\/p>\t\t\t\t\t\t\t\t<\/div>\n\t\t\t\t<\/div>\n\t\t\t\t\t<\/div>\n\t\t<\/div>\n\t\t\t\t\t<\/div>\n\t\t<\/section>\n\t\t\t\t<section class=\"elementor-section elementor-top-section elementor-element elementor-element-43312cc elementor-section-boxed elementor-section-height-default elementor-section-height-default\" data-id=\"43312cc\" data-element_type=\"section\" data-e-type=\"section\">\n\t\t\t\t\t\t\t<div class=\"elementor-background-overlay\"><\/div>\n\t\t\t\t\t\t\t<div class=\"elementor-container elementor-column-gap-default\">\n\t\t\t\t\t<div class=\"elementor-column elementor-col-100 elementor-top-column elementor-element elementor-element-446a39a\" data-id=\"446a39a\" data-element_type=\"column\" data-e-type=\"column\">\n\t\t\t<div class=\"elementor-widget-wrap elementor-element-populated\">\n\t\t\t\t\t\t<div class=\"elementor-element elementor-element-e4f3902 elementor-invisible elementor-widget elementor-widget-heading\" data-id=\"e4f3902\" data-element_type=\"widget\" data-e-type=\"widget\" data-settings=\"{&quot;_animation&quot;:&quot;fadeInUp&quot;}\" data-widget_type=\"heading.default\">\n\t\t\t\t<div class=\"elementor-widget-container\">\n\t\t\t\t\t<h2 class=\"elementor-heading-title elementor-size-default\">Meine innere Motivation, Menschen helfen zu wollen wurde mit der Zeit immer gr\u00f6\u00dfer. Durch\nmeine Auslandsaufenthalte in London und in New York durfte ich die verschiedensten Jobs,\nsowie viele interessante Menschen und Arbeitsbereiche kennenlernen, doch die Suche nach\ndem wahren Mehrwert war noch nicht vollendet. Aus reiner Neugier nahm ich also an einem\nYoga-Kurs im Robinson Club teil und damit war es um mich geschehen.<\/h2>\t\t\t\t<\/div>\n\t\t\t\t<\/div>\n\t\t\t\t<div class=\"elementor-element elementor-element-9547ac3 elementor-widget-divider--view-line elementor-widget elementor-widget-divider\" data-id=\"9547ac3\" data-element_type=\"widget\" data-e-type=\"widget\" data-widget_type=\"divider.default\">\n\t\t\t\t<div class=\"elementor-widget-container\">\n\t\t\t\t\t\t\t<div class=\"elementor-divider\">\n\t\t\t<span class=\"elementor-divider-separator\">\n\t\t\t\t\t\t<\/span>\n\t\t<\/div>\n\t\t\t\t\t\t<\/div>\n\t\t\t\t<\/div>\n\t\t\t\t<div class=\"elementor-element elementor-element-b06456a elementor-invisible elementor-widget elementor-widget-text-editor\" data-id=\"b06456a\" data-element_type=\"widget\" data-e-type=\"widget\" data-settings=\"{&quot;_animation&quot;:&quot;fadeInUp&quot;}\" data-widget_type=\"text-editor.default\">\n\t\t\t\t<div class=\"elementor-widget-container\">\n\t\t\t\t\t\t\t\t\t<p>Daraufhin habe ich mich ohne weiteres dazu entschieden, nach Indien aufzubrechen, um meine Leidenschaft zur Bewegung und meinen Willen, Menschen zu helfen, mithilfe einer Yogaausbildung zu festigen. Ich bin nicht nur mit viel mehr Weisheit, sondern auch mit dem Ashtanga-Vinyasa Yoga-Lehrerinnen Zertifikat zur\u00fcck nach Deutschland gekommen. Um den menschlichen K\u00f6rper und Geist ganzheitlich zu verstehen, begann ich mich, durch verschiedenste Fortbildungen und der Ausbildung zur Physiotherapeutin mit dem Mensch als Ganzem und vor allem mit dem Thema Schmerz zu besch\u00e4ftigen. Ich stellte immer wieder fest, dass unser K\u00f6rper weitaus komplexer ist die Schulmedizin ihn heute noch beschreibt. Das ist der Grund daf\u00fcr, weshalb ich immer tiefer in alternative Heilmethoden eintauchte. Durch meine eigene langj\u00e4hrige Leidensgeschichte durfte ich erfahren, dass es m\u00f6glich ist, ohne Medikamente und deren vielen Nebenwirkungen vollst\u00e4ndig von schweren Depressionen zu heilen. Somit legte ich den Fokus meiner Arbeit auf Schmerzen emotionaler Ursache &amp; die Arbeit mit dem Unterbewusstsein. Aus diesem Grund m\u00f6chte ich Menschen diesen transformierenden Weg aufzeigen. Auf der Grundlage meiner eigenen Lebensgeschichte und meiner heilenden Reise zum Coach, m\u00f6chte ich Frauen mit \u00e4hnlichen Geschichten unterst\u00fctzen und sie auf ihrem Weg begleiten.<\/p>\t\t\t\t\t\t\t\t<\/div>\n\t\t\t\t<\/div>\n\t\t\t\t\t<\/div>\n\t\t<\/div>\n\t\t\t\t\t<\/div>\n\t\t<\/section>\n\t\t\t\t<section class=\"elementor-section elementor-top-section elementor-element elementor-element-492edfa elementor-section-content-middle elementor-reverse-mobile elementor-section-height-min-height elementor-section-items-stretch elementor-section-boxed elementor-section-height-default\" data-id=\"492edfa\" data-element_type=\"section\" data-e-type=\"section\" data-settings=\"{&quot;background_background&quot;:&quot;classic&quot;}\">\n\t\t\t\t\t\t\t<div class=\"elementor-background-overlay\"><\/div>\n\t\t\t\t\t\t\t<div class=\"elementor-container elementor-column-gap-no\">\n\t\t\t\t\t<div class=\"elementor-column elementor-col-100 elementor-top-column elementor-element elementor-element-129051e elementor-invisible\" data-id=\"129051e\" data-element_type=\"column\" data-e-type=\"column\" data-settings=\"{&quot;animation&quot;:&quot;fadeInUp&quot;}\">\n\t\t\t<div class=\"elementor-widget-wrap elementor-element-populated\">\n\t\t\t\t\t\t<div class=\"elementor-element elementor-element-eee63bd elementor-widget elementor-widget-heading\" data-id=\"eee63bd\" data-element_type=\"widget\" data-e-type=\"widget\" data-widget_type=\"heading.default\">\n\t\t\t\t<div class=\"elementor-widget-container\">\n\t\t\t\t\t<h2 class=\"elementor-heading-title elementor-size-default\">UND WAS BEDEUTET <br>\u201cSHAMBALLA\u201d HEALING?<\/h2>\t\t\t\t<\/div>\n\t\t\t\t<\/div>\n\t\t\t\t<div class=\"elementor-element elementor-element-0afa7bd elementor-widget elementor-widget-text-editor\" data-id=\"0afa7bd\" data-element_type=\"widget\" data-e-type=\"widget\" data-widget_type=\"text-editor.default\">\n\t\t\t\t<div class=\"elementor-widget-container\">\n\t\t\t\t\t\t\t\t\t<p>Shamballa bedeutet <strong>\u201cQuelle des Glu\u0308cks\u201d<\/strong> und ist der Name eines sagenumwobenen Landes. Shamballa Healing schafft genau diesen paradiesischen Ort fu\u0308r Menschen, die genau das suchen, um sich dort ihrer eigenen inneren Quelle des Glu\u0308cks zu n\u00e4hren.<\/p>\t\t\t\t\t\t\t\t<\/div>\n\t\t\t\t<\/div>\n\t\t\t\t\t<\/div>\n\t\t<\/div>\n\t\t\t\t\t<\/div>\n\t\t<\/section>\n\t\t\t\t<section class=\"elementor-section elementor-top-section elementor-element elementor-element-88bd3e0 elementor-section-boxed elementor-section-height-default elementor-section-height-default\" data-id=\"88bd3e0\" data-element_type=\"section\" data-e-type=\"section\">\n\t\t\t\t\t\t<div class=\"elementor-container elementor-column-gap-default\">\n\t\t\t\t\t<div class=\"elementor-column elementor-col-100 elementor-top-column elementor-element elementor-element-06118b7\" data-id=\"06118b7\" data-element_type=\"column\" data-e-type=\"column\">\n\t\t\t<div class=\"elementor-widget-wrap\">\n\t\t\t\t\t\t\t<\/div>\n\t\t<\/div>\n\t\t\t\t\t<\/div>\n\t\t<\/section>\n\t\t\t\t<\/div>\n\t\t","protected":false},"excerpt":{"rendered":"<p>Hey there, sch\u00f6n, dass du hier bist und Willkommen bei Shamballa Healing. KATHARINA JUNG, Gr\u00fcnderin &amp; Coach Wer oder was ist eigentlich Shamballa Healing? Eine kleine Zeitreise durch mein Leben: Meine eigene transformierende Reise zu meinem \u201cneuen Ich\u201d begann mit 19 Jahren, nach meinem letzten Suizidversuch und einem anschlie\u00dfenden Klinikaufenthalt. Sowohl meine Kindheit, als auch [&hellip;]<\/p>\n","protected":false},"author":3,"featured_media":0,"parent":0,"menu_order":0,"comment_status":"closed","ping_status":"closed","template":"elementor_header_footer","meta":{"footnotes":""},"class_list":["post-18","page","type-page","status-publish","hentry"],"yoast_head":"<!-- This site is optimized with the Yoast SEO plugin v27.3 - https:\/\/yoast.com\/product\/yoast-seo-wordpress\/ -->\n<title>About - Shamballa Healing<\/title>\n<meta name=\"robots\" content=\"index, follow, max-snippet:-1, max-image-preview:large, max-video-preview:-1\" \/>\n<link rel=\"canonical\" href=\"https:\/\/shamballa-healing.de\/index.php\/about\/\" \/>\n<meta property=\"og:locale\" content=\"de_DE\" \/>\n<meta property=\"og:type\" content=\"article\" \/>\n<meta property=\"og:title\" content=\"About - Shamballa Healing\" \/>\n<meta property=\"og:description\" content=\"Hey there, sch\u00f6n, dass du hier bist und Willkommen bei Shamballa Healing. KATHARINA JUNG, Gr\u00fcnderin &amp; Coach Wer oder was ist eigentlich Shamballa Healing? Eine kleine Zeitreise durch mein Leben: Meine eigene transformierende Reise zu meinem \u201cneuen Ich\u201d begann mit 19 Jahren, nach meinem letzten Suizidversuch und einem anschlie\u00dfenden Klinikaufenthalt. Sowohl meine Kindheit, als auch [&hellip;]\" \/>\n<meta property=\"og:url\" content=\"https:\/\/shamballa-healing.de\/index.php\/about\/\" \/>\n<meta property=\"og:site_name\" content=\"Shamballa Healing\" \/>\n<meta property=\"article:modified_time\" content=\"2025-09-04T10:34:24+00:00\" \/>\n<meta property=\"og:image\" content=\"https:\/\/shamballa-healing.de\/wp-content\/uploads\/2025\/07\/Rina-Portrait.jpg\" \/>\n\t<meta property=\"og:image:width\" content=\"1200\" \/>\n\t<meta property=\"og:image:height\" content=\"1600\" \/>\n\t<meta property=\"og:image:type\" content=\"image\/jpeg\" \/>\n<meta name=\"twitter:card\" content=\"summary_large_image\" \/>\n<meta name=\"twitter:label1\" content=\"Gesch\u00e4tzte Lesezeit\" \/>\n\t<meta name=\"twitter:data1\" content=\"3\u00a0Minuten\" \/>\n<script type=\"application\/ld+json\" class=\"yoast-schema-graph\">{\"@context\":\"https:\\\/\\\/schema.org\",\"@graph\":[{\"@type\":\"WebPage\",\"@id\":\"https:\\\/\\\/shamballa-healing.de\\\/index.php\\\/about\\\/\",\"url\":\"https:\\\/\\\/shamballa-healing.de\\\/index.php\\\/about\\\/\",\"name\":\"About - Shamballa Healing\",\"isPartOf\":{\"@id\":\"https:\\\/\\\/shamballa-healing.de\\\/#website\"},\"primaryImageOfPage\":{\"@id\":\"https:\\\/\\\/shamballa-healing.de\\\/index.php\\\/about\\\/#primaryimage\"},\"image\":{\"@id\":\"https:\\\/\\\/shamballa-healing.de\\\/index.php\\\/about\\\/#primaryimage\"},\"thumbnailUrl\":\"https:\\\/\\\/shamballa-healing.de\\\/wp-content\\\/uploads\\\/2025\\\/07\\\/Rina-Portrait-768x1024.jpg\",\"datePublished\":\"2023-02-03T14:09:58+00:00\",\"dateModified\":\"2025-09-04T10:34:24+00:00\",\"breadcrumb\":{\"@id\":\"https:\\\/\\\/shamballa-healing.de\\\/index.php\\\/about\\\/#breadcrumb\"},\"inLanguage\":\"de\",\"potentialAction\":[{\"@type\":\"ReadAction\",\"target\":[\"https:\\\/\\\/shamballa-healing.de\\\/index.php\\\/about\\\/\"]}]},{\"@type\":\"ImageObject\",\"inLanguage\":\"de\",\"@id\":\"https:\\\/\\\/shamballa-healing.de\\\/index.php\\\/about\\\/#primaryimage\",\"url\":\"https:\\\/\\\/shamballa-healing.de\\\/wp-content\\\/uploads\\\/2025\\\/07\\\/Rina-Portrait.jpg\",\"contentUrl\":\"https:\\\/\\\/shamballa-healing.de\\\/wp-content\\\/uploads\\\/2025\\\/07\\\/Rina-Portrait.jpg\",\"width\":1200,\"height\":1600,\"caption\":\"Rina Portrait\"},{\"@type\":\"BreadcrumbList\",\"@id\":\"https:\\\/\\\/shamballa-healing.de\\\/index.php\\\/about\\\/#breadcrumb\",\"itemListElement\":[{\"@type\":\"ListItem\",\"position\":1,\"name\":\"Startseite\",\"item\":\"https:\\\/\\\/shamballa-healing.de\\\/\"},{\"@type\":\"ListItem\",\"position\":2,\"name\":\"About\"}]},{\"@type\":\"WebSite\",\"@id\":\"https:\\\/\\\/shamballa-healing.de\\\/#website\",\"url\":\"https:\\\/\\\/shamballa-healing.de\\\/\",\"name\":\"Shamballa Healing\",\"description\":\"Coaching, Emotional Release, Retreats, Events &amp; Kurse\",\"publisher\":{\"@id\":\"https:\\\/\\\/shamballa-healing.de\\\/#organization\"},\"potentialAction\":[{\"@type\":\"SearchAction\",\"target\":{\"@type\":\"EntryPoint\",\"urlTemplate\":\"https:\\\/\\\/shamballa-healing.de\\\/?s={search_term_string}\"},\"query-input\":{\"@type\":\"PropertyValueSpecification\",\"valueRequired\":true,\"valueName\":\"search_term_string\"}}],\"inLanguage\":\"de\"},{\"@type\":\"Organization\",\"@id\":\"https:\\\/\\\/shamballa-healing.de\\\/#organization\",\"name\":\"Shamballa Healing\",\"url\":\"https:\\\/\\\/shamballa-healing.de\\\/\",\"logo\":{\"@type\":\"ImageObject\",\"inLanguage\":\"de\",\"@id\":\"https:\\\/\\\/shamballa-healing.de\\\/#\\\/schema\\\/logo\\\/image\\\/\",\"url\":\"https:\\\/\\\/shamballa-healing.de\\\/wp-content\\\/uploads\\\/2023\\\/02\\\/Shamballa_Healing_Logo.svg\",\"contentUrl\":\"https:\\\/\\\/shamballa-healing.de\\\/wp-content\\\/uploads\\\/2023\\\/02\\\/Shamballa_Healing_Logo.svg\",\"width\":300,\"height\":300,\"caption\":\"Shamballa Healing\"},\"image\":{\"@id\":\"https:\\\/\\\/shamballa-healing.de\\\/#\\\/schema\\\/logo\\\/image\\\/\"}}]}<\/script>\n<!-- \/ Yoast SEO plugin. -->","yoast_head_json":{"title":"About - Shamballa Healing","robots":{"index":"index","follow":"follow","max-snippet":"max-snippet:-1","max-image-preview":"max-image-preview:large","max-video-preview":"max-video-preview:-1"},"canonical":"https:\/\/shamballa-healing.de\/index.php\/about\/","og_locale":"de_DE","og_type":"article","og_title":"About - Shamballa Healing","og_description":"Hey there, sch\u00f6n, dass du hier bist und Willkommen bei Shamballa Healing. KATHARINA JUNG, Gr\u00fcnderin &amp; Coach Wer oder was ist eigentlich Shamballa Healing? Eine kleine Zeitreise durch mein Leben: Meine eigene transformierende Reise zu meinem \u201cneuen Ich\u201d begann mit 19 Jahren, nach meinem letzten Suizidversuch und einem anschlie\u00dfenden Klinikaufenthalt. Sowohl meine Kindheit, als auch [&hellip;]","og_url":"https:\/\/shamballa-healing.de\/index.php\/about\/","og_site_name":"Shamballa Healing","article_modified_time":"2025-09-04T10:34:24+00:00","og_image":[{"width":1200,"height":1600,"url":"https:\/\/shamballa-healing.de\/wp-content\/uploads\/2025\/07\/Rina-Portrait.jpg","type":"image\/jpeg"}],"twitter_card":"summary_large_image","twitter_misc":{"Gesch\u00e4tzte Lesezeit":"3\u00a0Minuten"},"schema":{"@context":"https:\/\/schema.org","@graph":[{"@type":"WebPage","@id":"https:\/\/shamballa-healing.de\/index.php\/about\/","url":"https:\/\/shamballa-healing.de\/index.php\/about\/","name":"About - Shamballa Healing","isPartOf":{"@id":"https:\/\/shamballa-healing.de\/#website"},"primaryImageOfPage":{"@id":"https:\/\/shamballa-healing.de\/index.php\/about\/#primaryimage"},"image":{"@id":"https:\/\/shamballa-healing.de\/index.php\/about\/#primaryimage"},"thumbnailUrl":"https:\/\/shamballa-healing.de\/wp-content\/uploads\/2025\/07\/Rina-Portrait-768x1024.jpg","datePublished":"2023-02-03T14:09:58+00:00","dateModified":"2025-09-04T10:34:24+00:00","breadcrumb":{"@id":"https:\/\/shamballa-healing.de\/index.php\/about\/#breadcrumb"},"inLanguage":"de","potentialAction":[{"@type":"ReadAction","target":["https:\/\/shamballa-healing.de\/index.php\/about\/"]}]},{"@type":"ImageObject","inLanguage":"de","@id":"https:\/\/shamballa-healing.de\/index.php\/about\/#primaryimage","url":"https:\/\/shamballa-healing.de\/wp-content\/uploads\/2025\/07\/Rina-Portrait.jpg","contentUrl":"https:\/\/shamballa-healing.de\/wp-content\/uploads\/2025\/07\/Rina-Portrait.jpg","width":1200,"height":1600,"caption":"Rina Portrait"},{"@type":"BreadcrumbList","@id":"https:\/\/shamballa-healing.de\/index.php\/about\/#breadcrumb","itemListElement":[{"@type":"ListItem","position":1,"name":"Startseite","item":"https:\/\/shamballa-healing.de\/"},{"@type":"ListItem","position":2,"name":"About"}]},{"@type":"WebSite","@id":"https:\/\/shamballa-healing.de\/#website","url":"https:\/\/shamballa-healing.de\/","name":"Shamballa Healing","description":"Coaching, Emotional Release, Retreats, Events &amp; Kurse","publisher":{"@id":"https:\/\/shamballa-healing.de\/#organization"},"potentialAction":[{"@type":"SearchAction","target":{"@type":"EntryPoint","urlTemplate":"https:\/\/shamballa-healing.de\/?s={search_term_string}"},"query-input":{"@type":"PropertyValueSpecification","valueRequired":true,"valueName":"search_term_string"}}],"inLanguage":"de"},{"@type":"Organization","@id":"https:\/\/shamballa-healing.de\/#organization","name":"Shamballa Healing","url":"https:\/\/shamballa-healing.de\/","logo":{"@type":"ImageObject","inLanguage":"de","@id":"https:\/\/shamballa-healing.de\/#\/schema\/logo\/image\/","url":"https:\/\/shamballa-healing.de\/wp-content\/uploads\/2023\/02\/Shamballa_Healing_Logo.svg","contentUrl":"https:\/\/shamballa-healing.de\/wp-content\/uploads\/2023\/02\/Shamballa_Healing_Logo.svg","width":300,"height":300,"caption":"Shamballa Healing"},"image":{"@id":"https:\/\/shamballa-healing.de\/#\/schema\/logo\/image\/"}}]}},"_links":{"self":[{"href":"https:\/\/shamballa-healing.de\/index.php\/wp-json\/wp\/v2\/pages\/18","targetHints":{"allow":["GET"]}}],"collection":[{"href":"https:\/\/shamballa-healing.de\/index.php\/wp-json\/wp\/v2\/pages"}],"about":[{"href":"https:\/\/shamballa-healing.de\/index.php\/wp-json\/wp\/v2\/types\/page"}],"author":[{"embeddable":true,"href":"https:\/\/shamballa-healing.de\/index.php\/wp-json\/wp\/v2\/users\/3"}],"replies":[{"embeddable":true,"href":"https:\/\/shamballa-healing.de\/index.php\/wp-json\/wp\/v2\/comments?post=18"}],"version-history":[{"count":7,"href":"https:\/\/shamballa-healing.de\/index.php\/wp-json\/wp\/v2\/pages\/18\/revisions"}],"predecessor-version":[{"id":3813,"href":"https:\/\/shamballa-healing.de\/index.php\/wp-json\/wp\/v2\/pages\/18\/revisions\/3813"}],"wp:attachment":[{"href":"https:\/\/shamballa-healing.de\/index.php\/wp-json\/wp\/v2\/media?parent=18"}],"curies":[{"name":"wp","href":"https:\/\/api.w.org\/{rel}","templated":true}]}}